{"id":1567,"date":"2023-07-20T14:22:01","date_gmt":"2023-07-20T14:22:01","guid":{"rendered":"https:\/\/koejonge.de\/?page_id=1567"},"modified":"2025-04-30T06:45:12","modified_gmt":"2025-04-30T06:45:12","slug":"die-prinzengarde","status":"publish","type":"page","link":"https:\/\/koejonge.de\/?page_id=1567","title":{"rendered":"Prinz &#038; Hofstaat 2025\/26"},"content":{"rendered":"\n<div class=\"wp-block-columns is-layout-flex wp-container-4\">\n<div class=\"wp-block-column is-layout-flow\">\n<div class=\"wp-block-columns is-layout-flex wp-container-2\">\n<div class=\"wp-block-column is-layout-flow\">\n<figure class=\"wp-block-image size-large\"><img decoding=\"async\" loading=\"lazy\" width=\"1024\" height=\"682\" src=\"https:\/\/koejonge.de\/wp-content\/uploads\/2025\/04\/WhatsApp-Image-2025-04-25-at-20.41.56-1024x682.jpeg\" alt=\"\" class=\"wp-image-2425\"\/><\/figure>\n\n\n\n<p><\/p>\n<\/div>\n<\/div>\n<\/div>\n<\/div>\n\n\n\n<p><strong>Prinzessin Anne stellt sich vor<\/strong><\/p>\n\n\n\n<p>Anne Schmalen, Geboren 1990 in Aachen; aufgewachsen in der Marienanger Siedlung in Kohlscheid-Bank.<\/p>\n\n\n\n<ul>\n<li>Wohnort: vor rund 15 Jahren nach Richterich gezogen<\/li>\n\n\n\n<li>Studium: Deutsch und kath. Religion auf Lehramt an der RWTH Aachen<\/li>\n\n\n\n<li>Beruf: seit 10 Jahren Lehrerin an der Gesamtschule Aldenhoven-Linnich f\u00fcr die F\u00e4cher Deutsch,<\/li>\n\n\n\n<li>Englisch, Musik, Kunst, Kath. Religion und Sport; Assistenz der Abteilungs-leitung 1<\/li>\n\n\n\n<li>Hobbies: wenig Zeit, aber wenn doch dann lesen, mit den M\u00e4dels um die H\u00e4user ziehen, kochen,<\/li>\n\n\n\n<li>kreativ sein, Skifahren, Fitnessstudio<\/li>\n<\/ul>\n\n\n\n<p><strong>Anne\u00b4s karnevalistische Vergangenheit:<\/strong><\/p>\n\n\n\n<ul>\n<li>Karneval ist nicht nur Feiern \u2013 es ist auch Ehrenamt und Tradition.<\/li>\n\n\n\n<li>F\u00fcr viele Jahre war ich im Festausschuss in Bank und habe die j\u00e4hrliche Karnevalssitzung organisiert und moderiert. Hinzukam dann die Organisation der Kindersitzung in der Schule und erstmalig in dieser Session die Moderation des Kinderkarnevals in Laurensberg.&nbsp;<\/li>\n\n\n\n<li>Mein direkter Bezug zum Karnevalsverein in Richterich entstand durch meine Mitgliedschaft in der Prinzengarde als eines der ersten weiblichen, inaktiven Mitglieder.<\/li>\n<\/ul>\n\n\n\n<p><strong>Das ist der Hofstaat<\/strong><\/p>\n\n\n\n<ul>\n<li>gemischter Hofstaat:\n<ul>\n<li>5 M\u00e4nner und 7 Frauen.<\/li>\n\n\n\n<li>Freunde und Bekannte, die den Aachener Karneval leben und feiern.<\/li>\n\n\n\n<li>Einige haben schon viel Erfahrung im organisierten Karneval, andere Gesichter sind neu.<\/li>\n\n\n\n<li>Alle waren sofort Feuer und Flamme und sehen es als eine Ehre an, den Richtericher Karneval in der Session 25\/26 zu repr\u00e4sentieren.<\/li>\n<\/ul>\n<\/li>\n<\/ul>\n\n\n\n<ul>\n<li><strong>Susanne Kirwald<\/strong>&nbsp;(Adjutantin): Inaktives Mitglied der Prinzengarde Richterich und Organisatorin der Kindersitzung in Laurensberg<\/li>\n\n\n\n<li>Ihr Motto: Fastelovvend ist ein Gef\u00fchl, das einfach da ist.<\/li>\n<\/ul>\n\n\n\n<ul>\n<li><strong>Jochen Schulte<\/strong>&nbsp;(Zirkusdirektor): Mitglied des Prinzenkorps des AKV als Ex-Prinz von 2002 und Organisator des Kneipenkarnevals in Horbach.<\/li>\n\n\n\n<li>Sein Motto: Genie\u00dfe das Leben, aber bewahre Respekt.<\/li>\n<\/ul>\n\n\n\n<ul>\n<li><strong>Jennifer Siebertz<\/strong>&nbsp;(Till): Jenny ist auf allen Sitzungen und Veranstaltung in Aachen unterwegs und inaktives Mitglied beim \u00d6cher Storm.<\/li>\n\n\n\n<li>Ihr Motto: Im Karneval schon immer da, drum sicher auch im n\u00e4chsten Jahr!<\/li>\n<\/ul>\n\n\n\n<ul>\n<li><strong>Aliaa Boughrib<\/strong>&nbsp;(T\u00e4nzerin)<\/li>\n\n\n\n<li>Ihr Motto: Der Karneval ist zu mir gekommen und bedeutet Kunst und Freiheitleben.<\/li>\n<\/ul>\n\n\n\n<ul>\n<li><strong>Inga Greven<\/strong>&nbsp;(T\u00e4nzerin): Kellnert seit Jahren bei Karnevalsveranstaltungen in Richterich und Horbach.<\/li>\n\n\n\n<li>Ihr Motto: Das sitzt schon immer in mir drin.<\/li>\n<\/ul>\n\n\n\n<ul>\n<li><strong>Marvin Maus<\/strong>&nbsp;(Krippekratz): Aktiver Gardist beim Oecher Storm, da auch schon seit Jahren im Vorstand t\u00e4tig; seit 2017 Mitglied bei KG Koe Jonge<\/li>\n\n\n\n<li>Sein Motto: Leben und leben lassen.<\/li>\n<\/ul>\n\n\n\n<ul>\n<li><strong>Petra Domisch<\/strong>&nbsp;(Hofkutscherin): Mitglied im AKV-Team, Ehemann ist Ex-Prinz Michel von Aachen (2004)<\/li>\n\n\n\n<li>Ihr Motto: Ich bin nicht ich ohne Karneval.<\/li>\n<\/ul>\n\n\n\n<ul>\n<li><strong>Marion K\u00f6hler<\/strong>&nbsp;(Dompteurin): Inaktives Mitglied der Prinzengarde Richterich und Trainerin der Tanzgarde der Prinzengarde.<\/li>\n\n\n\n<li>Ihr Motto: Levve un levve losse.<\/li>\n<\/ul>\n\n\n\n<ul>\n<li><strong>Michael Schnittler<\/strong>&nbsp;(Zauberer): Kreativer Kopf; f\u00fcr Social Media verantwortlich<\/li>\n\n\n\n<li>Sein Motto: Lach doch ens, dat Levve es zo sch\u00f6n f\u00f6r Tr\u00fcbsal!<\/li>\n<\/ul>\n\n\n\n<ul>\n<li><strong>Carsten Czub<\/strong>&nbsp;(Schatzmeister): Aktiver Gardist beim Oecher Storm, da auch schon seit Jahren im Vorstand t\u00e4tig.<\/li>\n\n\n\n<li>Sein Motto: Feiern und Spa\u00df haben.<\/li>\n<\/ul>\n\n\n\n<ul>\n<li><strong>Eva B\u00fccken<\/strong>&nbsp;(Mundschenk): Verantwortlich damit wir immer genug zu Trinken haben.<\/li>\n\n\n\n<li>Ihr Motto: Das Leben ist so bunt wie Konfetti.<\/li>\n\n\n\n<li><strong>Dominic Uebinger<\/strong>&nbsp;(Fotograph): War bereits bei Prinz Kevin aus Richterich im Hofstaat dabei<\/li>\n<\/ul>\n\n\n\n<p><strong>Motto und Ziele im Karneval: &nbsp;&nbsp;&nbsp;&nbsp;&nbsp;&nbsp;&nbsp;&nbsp;&nbsp;&nbsp;&nbsp;&nbsp;&nbsp;&nbsp;&nbsp;&nbsp;&nbsp;&nbsp;&nbsp;&nbsp;&nbsp;&nbsp;&nbsp;&nbsp;&nbsp;&nbsp;&nbsp;&nbsp;&nbsp;&nbsp;&nbsp;<\/strong><\/p>\n\n\n\n<p><strong>Zirkustr\u00e4ume, gro\u00df und klein \u2013 mit Anne wird es magisch sein.Manege frei, seid alle mit dabei \u2013 Fastelovvend ist keine Zauberei<\/strong><\/p>\n\n\n\n<p>Das Motto spricht f\u00fcr sich \ud83d\ude0a<\/p>\n\n\n\n<p>Wenn man Anne fragt, was ihr die Aufgabe Prinzessin in Richterich zu sein bedeutet?!<\/p>\n\n\n\n<p>Ich sehe es zum einen als pers\u00f6nliche Herausforderung und zum anderen ist es mir eine Ehre die 1. KG Koe Jonge und den Stadtteil Richterich zu repr\u00e4sentieren. Vor allem ist es aber eine Herzensangelegenheit den Karneval unter die Menschen zu bringen. Die Idee einmal Prinzessin in Richterich zu werden hatte ich seit L\u00e4ngerem ins Auge gefasst. Dass es aber nun diese einmalige Chance gibt, ehrt mich. Dennoch stehen wir noch am Anfang unserer Vorbereitungen.<\/p>\n\n\n\n<p>Ich habe die Ehre, das Brauchtum aktiv mitzugestalten und nicht nur zuzugucken. Es ist harte Arbeit, die ich mit Spa\u00df und Freude angehe.<\/p>\n\n\n\n<p>Achtung: 5\u20ac f\u00fcrs Phrasenschwein \ud83d\ude0a, aber ich meine das v\u00f6llig ernst. Das Brauchtum muss gelebt werden, um zu \u00fcberleben, und zwar von m\u00f6glichst vielen Menschen, gro\u00df und klein, alt und jung, egal welche Hautfarbe oder Religion sie haben. Und ich hoffe, dass wir genau dieses Gef\u00fchl und diesen Grundsatz in der kommenden Session 25\/26 vermitteln k\u00f6nnen.<\/p>\n","protected":false},"excerpt":{"rendered":"<p>Prinzessin Anne stellt sich vor Anne Schmalen, Geboren 1990 in Aachen; aufgewachsen in der Marienanger&#8230;<\/p>\n","protected":false},"author":6,"featured_media":0,"parent":0,"menu_order":0,"comment_status":"closed","ping_status":"closed","template":"","meta":[],"_links":{"self":[{"href":"https:\/\/koejonge.de\/index.php?rest_route=\/wp\/v2\/pages\/1567"}],"collection":[{"href":"https:\/\/koejonge.de\/index.php?rest_route=\/wp\/v2\/pages"}],"about":[{"href":"https:\/\/koejonge.de\/index.php?rest_route=\/wp\/v2\/types\/page"}],"author":[{"embeddable":true,"href":"https:\/\/koejonge.de\/index.php?rest_route=\/wp\/v2\/users\/6"}],"replies":[{"embeddable":true,"href":"https:\/\/koejonge.de\/index.php?rest_route=%2Fwp%2Fv2%2Fcomments&post=1567"}],"version-history":[{"count":15,"href":"https:\/\/koejonge.de\/index.php?rest_route=\/wp\/v2\/pages\/1567\/revisions"}],"predecessor-version":[{"id":2450,"href":"https:\/\/koejonge.de\/index.php?rest_route=\/wp\/v2\/pages\/1567\/revisions\/2450"}],"wp:attachment":[{"href":"https:\/\/koejonge.de\/index.php?rest_route=%2Fwp%2Fv2%2Fmedia&parent=1567"}],"curies":[{"name":"wp","href":"https:\/\/api.w.org\/{rel}","templated":true}]}}