{"id":1582,"date":"2023-07-20T16:35:36","date_gmt":"2023-07-20T16:35:36","guid":{"rendered":"https:\/\/koejonge.de\/?page_id=1582"},"modified":"2024-05-17T15:49:25","modified_gmt":"2024-05-17T15:49:25","slug":"die-kg-koe-jonge","status":"publish","type":"page","link":"https:\/\/koejonge.de\/?page_id=1582","title":{"rendered":"1. KG &#8222;Koe Jonge&#8220;"},"content":{"rendered":"<div class=\"wp-block-image\">\n<figure class=\"alignright size-full is-resized\"><img decoding=\"async\" loading=\"lazy\" src=\"https:\/\/koejonge.de\/wp-content\/uploads\/2023\/08\/Wappen-KG.jpg\" alt=\"\" class=\"wp-image-1652\" width=\"213\" height=\"213\" srcset=\"https:\/\/koejonge.de\/wp-content\/uploads\/2023\/08\/Wappen-KG.jpg 800w, https:\/\/koejonge.de\/wp-content\/uploads\/2023\/08\/Wappen-KG-300x300.jpg 300w, https:\/\/koejonge.de\/wp-content\/uploads\/2023\/08\/Wappen-KG-150x150.jpg 150w, https:\/\/koejonge.de\/wp-content\/uploads\/2023\/08\/Wappen-KG-768x768.jpg 768w, https:\/\/koejonge.de\/wp-content\/uploads\/2023\/08\/Wappen-KG-600x600.jpg 600w, https:\/\/koejonge.de\/wp-content\/uploads\/2023\/08\/Wappen-KG-100x100.jpg 100w\" sizes=\"(max-width: 213px) 100vw, 213px\" \/><\/figure><\/div>\n\n\n<p class=\"has-text-align-justify\"><strong>Seit der Gr\u00fcndung der 1. KG Richterich 1956 &#8222;Koe Jonge&#8220; e.V. am 24. Oktober 1956 hat es sich die Gesellschaft zum Ziel gesetzt, Freude und Frohsinn zu bereiten. Als Aachener Traditionsverein m\u00f6chten wir das Brauchtum Karneval pflegen und f\u00f6rdern, so liegen uns besonders unserer T\u00e4nzerinnen und T\u00e4nzer sowie die Jugendabteilung am Herzen. <\/strong><\/p>\n\n\n\n<p class=\"has-text-align-justify\">Zu Beginn der Vereinsgeschichte waren die &#8222;b\u00f6sen Jungs&#8220;, was &#8222;Koe Jonge&#8220; sinngem\u00e4\u00df bedeutet, ein reiner Herrenverein. Daraus bis heute erhalten sind unsere Schwarzr\u00f6cke, die den Verein repr\u00e4sentieren und immer tatkr\u00e4ftig unterst\u00fctzen.  Seit dem Jahr 2002 z\u00e4hlen auch Frauen zu aktiven Mitgliedern des Vereins, unsere heutigen KG Damen. In den vergangenen Jahren hat die Gesellschaft vielen Familien eine  Art karnevalistisches Zuhause geboten, war doch f\u00fcr jedes Familienmitglied eine passende Gruppe innerhalb des Verein zu finden. Mit zunehmender Begeisterung wuchs der Verein in den letzten Jahren auf \u00fcber 300 Mitglieder.<\/p>\n\n\n\n<p class=\"has-text-align-justify\">In jeder Generation gab es Pers\u00f6nlichkeiten, die diesen Verein zusammengehalten und gepr\u00e4gt haben. Dank der &#8222;Koe Jonge&#8220; sind Freundschaften entstanden, die ein Leben lang halten und zwischen Menschen, die sich ohne diesen Verein nicht mal kennengelernt h\u00e4tten. Wir als Karnevalsverein sind stolz, auf eine solche Historie blicken zu k\u00f6nnen. Gleichzeitig wollen wir uns weiter bem\u00fchen, eine starke Gemeinschaft zu bleiben, in der Vereinsleben, Miteinander und Frohsinn an erster Stelle stehen. <\/p>\n\n\n\n<div class=\"wp-block-jetpack-tiled-gallery aligncenter is-style-rectangular\"><div class=\"tiled-gallery__gallery\"><div class=\"tiled-gallery__row\"><div class=\"tiled-gallery__col\" style=\"flex-basis:28.57975%\"><figure class=\"tiled-gallery__item\"><img decoding=\"async\" srcset=\"https:\/\/i1.wp.com\/koejonge.de\/wp-content\/uploads\/2023\/08\/Jungs-KG.jpg?strip=info&#038;w=600&#038;ssl=1 600w,https:\/\/i1.wp.com\/koejonge.de\/wp-content\/uploads\/2023\/08\/Jungs-KG.jpg?strip=info&#038;w=764&#038;ssl=1 764w\" alt=\"\" data-height=\"538\" data-id=\"1654\" data-link=\"https:\/\/koejonge.de\/?attachment_id=1654\" data-url=\"https:\/\/koejonge.de\/wp-content\/uploads\/2023\/08\/Jungs-KG.jpg\" data-width=\"764\" src=\"https:\/\/i1.wp.com\/koejonge.de\/wp-content\/uploads\/2023\/08\/Jungs-KG.jpg?ssl=1\" data-amp-layout=\"responsive\"\/><\/figure><\/div><div class=\"tiled-gallery__col\" style=\"flex-basis:71.42025%\"><figure class=\"tiled-gallery__item\"><img decoding=\"async\" srcset=\"https:\/\/i0.wp.com\/koejonge.de\/wp-content\/uploads\/2023\/08\/Wagen-KG.jpg?strip=info&#038;w=600&#038;ssl=1 600w,https:\/\/i0.wp.com\/koejonge.de\/wp-content\/uploads\/2023\/08\/Wagen-KG.jpg?strip=info&#038;w=675&#038;ssl=1 675w\" alt=\"\" data-height=\"189\" data-id=\"1655\" data-link=\"https:\/\/koejonge.de\/?attachment_id=1655\" data-url=\"https:\/\/koejonge.de\/wp-content\/uploads\/2023\/08\/Wagen-KG.jpg\" data-width=\"675\" src=\"https:\/\/i0.wp.com\/koejonge.de\/wp-content\/uploads\/2023\/08\/Wagen-KG.jpg?ssl=1\" data-amp-layout=\"responsive\"\/><\/figure><\/div><\/div><div class=\"tiled-gallery__row\"><div class=\"tiled-gallery__col\" style=\"flex-basis:32.25575%\"><figure class=\"tiled-gallery__item\"><img decoding=\"async\" srcset=\"https:\/\/i2.wp.com\/koejonge.de\/wp-content\/uploads\/2023\/08\/Marangis.jpg?strip=info&#038;w=600&#038;ssl=1 600w,https:\/\/i2.wp.com\/koejonge.de\/wp-content\/uploads\/2023\/08\/Marangis.jpg?strip=info&#038;w=824&#038;ssl=1 824w\" alt=\"\" data-height=\"459\" data-id=\"1656\" data-link=\"https:\/\/koejonge.de\/?attachment_id=1656\" data-url=\"https:\/\/koejonge.de\/wp-content\/uploads\/2023\/08\/Marangis.jpg\" data-width=\"824\" src=\"https:\/\/i2.wp.com\/koejonge.de\/wp-content\/uploads\/2023\/08\/Marangis.jpg?ssl=1\" data-amp-layout=\"responsive\"\/><\/figure><\/div><div class=\"tiled-gallery__col\" style=\"flex-basis:67.74425%\"><figure class=\"tiled-gallery__item\"><img decoding=\"async\" srcset=\"https:\/\/i1.wp.com\/koejonge.de\/wp-content\/uploads\/2023\/08\/Jugend-1-1024x270.jpg?strip=info&#038;w=600&#038;ssl=1 600w,https:\/\/i1.wp.com\/koejonge.de\/wp-content\/uploads\/2023\/08\/Jugend-1-1024x270.jpg?strip=info&#038;w=900&#038;ssl=1 900w,https:\/\/i1.wp.com\/koejonge.de\/wp-content\/uploads\/2023\/08\/Jugend-1-1024x270.jpg?strip=info&#038;w=1035&#038;ssl=1 1035w\" alt=\"\" data-height=\"273\" data-id=\"1657\" data-link=\"https:\/\/koejonge.de\/?attachment_id=1657\" data-url=\"https:\/\/koejonge.de\/wp-content\/uploads\/2023\/08\/Jugend-1-1024x270.jpg\" data-width=\"1035\" src=\"https:\/\/i1.wp.com\/koejonge.de\/wp-content\/uploads\/2023\/08\/Jugend-1-1024x270.jpg?ssl=1\" data-amp-layout=\"responsive\"\/><\/figure><\/div><\/div><div class=\"tiled-gallery__row\"><div class=\"tiled-gallery__col\" style=\"flex-basis:14.35822%\"><figure class=\"tiled-gallery__item\"><img decoding=\"async\" srcset=\"https:\/\/i0.wp.com\/koejonge.de\/wp-content\/uploads\/2023\/08\/KG-PG.jpg?strip=info&#038;w=392&#038;ssl=1 392w\" alt=\"\" data-height=\"527\" data-id=\"1658\" data-link=\"https:\/\/koejonge.de\/?attachment_id=1658\" data-url=\"https:\/\/koejonge.de\/wp-content\/uploads\/2023\/08\/KG-PG.jpg\" data-width=\"392\" src=\"https:\/\/i0.wp.com\/koejonge.de\/wp-content\/uploads\/2023\/08\/KG-PG.jpg?ssl=1\" data-amp-layout=\"responsive\"\/><\/figure><\/div><div class=\"tiled-gallery__col\" style=\"flex-basis:39.58109%\"><figure class=\"tiled-gallery__item\"><img decoding=\"async\" srcset=\"https:\/\/i2.wp.com\/koejonge.de\/wp-content\/uploads\/2023\/08\/minis.jpg?strip=info&#038;w=600&#038;ssl=1 600w,https:\/\/i2.wp.com\/koejonge.de\/wp-content\/uploads\/2023\/08\/minis.jpg?strip=info&#038;w=888&#038;ssl=1 888w\" alt=\"\" data-height=\"430\" data-id=\"1659\" data-link=\"https:\/\/koejonge.de\/?attachment_id=1659\" data-url=\"https:\/\/koejonge.de\/wp-content\/uploads\/2023\/08\/minis.jpg\" data-width=\"888\" src=\"https:\/\/i2.wp.com\/koejonge.de\/wp-content\/uploads\/2023\/08\/minis.jpg?ssl=1\" data-amp-layout=\"responsive\"\/><\/figure><\/div><div class=\"tiled-gallery__col\" style=\"flex-basis:13.17169%\"><figure class=\"tiled-gallery__item\"><img decoding=\"async\" srcset=\"https:\/\/i1.wp.com\/koejonge.de\/wp-content\/uploads\/2023\/08\/Ice.jpg?strip=info&#038;w=439&#038;ssl=1 439w\" alt=\"\" data-height=\"644\" data-id=\"1660\" data-link=\"https:\/\/koejonge.de\/?attachment_id=1660\" data-url=\"https:\/\/koejonge.de\/wp-content\/uploads\/2023\/08\/Ice.jpg\" data-width=\"439\" src=\"https:\/\/i1.wp.com\/koejonge.de\/wp-content\/uploads\/2023\/08\/Ice.jpg?ssl=1\" data-amp-layout=\"responsive\"\/><\/figure><\/div><div class=\"tiled-gallery__col\" style=\"flex-basis:32.88900%\"><figure class=\"tiled-gallery__item\"><img decoding=\"async\" srcset=\"https:\/\/i2.wp.com\/koejonge.de\/wp-content\/uploads\/2023\/08\/PG-1.jpg?strip=info&#038;w=600&#038;ssl=1 600w,https:\/\/i2.wp.com\/koejonge.de\/wp-content\/uploads\/2023\/08\/PG-1.jpg?strip=info&#038;w=900&#038;ssl=1 900w,https:\/\/i2.wp.com\/koejonge.de\/wp-content\/uploads\/2023\/08\/PG-1.jpg?strip=info&#038;w=907&#038;ssl=1 907w\" alt=\"\" data-height=\"529\" data-id=\"1661\" data-link=\"https:\/\/koejonge.de\/?attachment_id=1661\" data-url=\"https:\/\/koejonge.de\/wp-content\/uploads\/2023\/08\/PG-1.jpg\" data-width=\"907\" src=\"https:\/\/i2.wp.com\/koejonge.de\/wp-content\/uploads\/2023\/08\/PG-1.jpg?ssl=1\" data-amp-layout=\"responsive\"\/><\/figure><\/div><\/div><\/div><\/div>\n\n\n\n<div class=\"wp-block-columns is-layout-flex wp-container-3\">\n<div class=\"wp-block-column is-vertically-aligned-center is-layout-flow\" style=\"flex-basis:66.66%\">\n<h2 class=\"wp-block-heading\">Die KG bedankt sich  bei Ihren Sponsoren<\/h2>\n<\/div>\n\n\n\n<div class=\"wp-block-column is-layout-flow\" style=\"flex-basis:33.33%\">\n<div class=\"wp-block-jetpack-slideshow aligncenter\" data-autoplay=\"true\" data-delay=\"1\" data-effect=\"slide\"><div class=\"wp-block-jetpack-slideshow_container swiper-container\"><ul class=\"wp-block-jetpack-slideshow_swiper-wrapper swiper-wrapper\"><li class=\"wp-block-jetpack-slideshow_slide swiper-slide\"><figure><img decoding=\"async\" loading=\"lazy\" width=\"1024\" height=\"1024\" alt=\"\" class=\"wp-block-jetpack-slideshow_image wp-image-2088\" data-id=\"2088\" src=\"https:\/\/koejonge.de\/wp-content\/uploads\/2024\/04\/6-1024x1024.png\" srcset=\"https:\/\/koejonge.de\/wp-content\/uploads\/2024\/04\/6-1024x1024.png 1024w, https:\/\/koejonge.de\/wp-content\/uploads\/2024\/04\/6-300x300.png 300w, https:\/\/koejonge.de\/wp-content\/uploads\/2024\/04\/6-150x150.png 150w, https:\/\/koejonge.de\/wp-content\/uploads\/2024\/04\/6-768x768.png 768w, https:\/\/koejonge.de\/wp-content\/uploads\/2024\/04\/6-600x600.png 600w, https:\/\/koejonge.de\/wp-content\/uploads\/2024\/04\/6-100x100.png 100w, https:\/\/koejonge.de\/wp-content\/uploads\/2024\/04\/6.png 1080w\" sizes=\"(max-width: 1024px) 100vw, 1024px\" \/><\/figure><\/li><li class=\"wp-block-jetpack-slideshow_slide swiper-slide\"><figure><img decoding=\"async\" loading=\"lazy\" width=\"1024\" height=\"1024\" alt=\"\" class=\"wp-block-jetpack-slideshow_image wp-image-2087\" data-id=\"2087\" src=\"https:\/\/koejonge.de\/wp-content\/uploads\/2024\/04\/5-1024x1024.png\" srcset=\"https:\/\/koejonge.de\/wp-content\/uploads\/2024\/04\/5-1024x1024.png 1024w, https:\/\/koejonge.de\/wp-content\/uploads\/2024\/04\/5-300x300.png 300w, https:\/\/koejonge.de\/wp-content\/uploads\/2024\/04\/5-150x150.png 150w, https:\/\/koejonge.de\/wp-content\/uploads\/2024\/04\/5-768x768.png 768w, https:\/\/koejonge.de\/wp-content\/uploads\/2024\/04\/5-600x600.png 600w, https:\/\/koejonge.de\/wp-content\/uploads\/2024\/04\/5-100x100.png 100w, https:\/\/koejonge.de\/wp-content\/uploads\/2024\/04\/5.png 1080w\" sizes=\"(max-width: 1024px) 100vw, 1024px\" \/><\/figure><\/li><li class=\"wp-block-jetpack-slideshow_slide swiper-slide\"><figure><img decoding=\"async\" loading=\"lazy\" width=\"1024\" height=\"1024\" alt=\"\" class=\"wp-block-jetpack-slideshow_image wp-image-2085\" data-id=\"2085\" src=\"https:\/\/koejonge.de\/wp-content\/uploads\/2024\/04\/2-1-1024x1024.png\" srcset=\"https:\/\/koejonge.de\/wp-content\/uploads\/2024\/04\/2-1-1024x1024.png 1024w, https:\/\/koejonge.de\/wp-content\/uploads\/2024\/04\/2-1-300x300.png 300w, https:\/\/koejonge.de\/wp-content\/uploads\/2024\/04\/2-1-150x150.png 150w, https:\/\/koejonge.de\/wp-content\/uploads\/2024\/04\/2-1-768x768.png 768w, https:\/\/koejonge.de\/wp-content\/uploads\/2024\/04\/2-1-600x600.png 600w, https:\/\/koejonge.de\/wp-content\/uploads\/2024\/04\/2-1-100x100.png 100w, https:\/\/koejonge.de\/wp-content\/uploads\/2024\/04\/2-1.png 1080w\" sizes=\"(max-width: 1024px) 100vw, 1024px\" \/><\/figure><\/li><li class=\"wp-block-jetpack-slideshow_slide swiper-slide\"><figure><img decoding=\"async\" loading=\"lazy\" width=\"1024\" height=\"1024\" alt=\"\" class=\"wp-block-jetpack-slideshow_image wp-image-2084\" data-id=\"2084\" src=\"https:\/\/koejonge.de\/wp-content\/uploads\/2024\/04\/1-1-1024x1024.png\" srcset=\"https:\/\/koejonge.de\/wp-content\/uploads\/2024\/04\/1-1-1024x1024.png 1024w, https:\/\/koejonge.de\/wp-content\/uploads\/2024\/04\/1-1-300x300.png 300w, https:\/\/koejonge.de\/wp-content\/uploads\/2024\/04\/1-1-150x150.png 150w, https:\/\/koejonge.de\/wp-content\/uploads\/2024\/04\/1-1-768x768.png 768w, https:\/\/koejonge.de\/wp-content\/uploads\/2024\/04\/1-1-600x600.png 600w, https:\/\/koejonge.de\/wp-content\/uploads\/2024\/04\/1-1-100x100.png 100w, https:\/\/koejonge.de\/wp-content\/uploads\/2024\/04\/1-1.png 1080w\" sizes=\"(max-width: 1024px) 100vw, 1024px\" \/><\/figure><\/li><li class=\"wp-block-jetpack-slideshow_slide swiper-slide\"><figure><img decoding=\"async\" loading=\"lazy\" width=\"1080\" height=\"1080\" alt=\"\" class=\"wp-block-jetpack-slideshow_image wp-image-2083\" data-id=\"2083\" src=\"https:\/\/koejonge.de\/wp-content\/uploads\/2024\/04\/4-1024x1024.png\" srcset=\"https:\/\/koejonge.de\/wp-content\/uploads\/2024\/04\/4-1024x1024.png 1024w, https:\/\/koejonge.de\/wp-content\/uploads\/2024\/04\/4-300x300.png 300w, https:\/\/koejonge.de\/wp-content\/uploads\/2024\/04\/4-150x150.png 150w, https:\/\/koejonge.de\/wp-content\/uploads\/2024\/04\/4-768x768.png 768w, https:\/\/koejonge.de\/wp-content\/uploads\/2024\/04\/4-600x600.png 600w, https:\/\/koejonge.de\/wp-content\/uploads\/2024\/04\/4-100x100.png 100w, https:\/\/koejonge.de\/wp-content\/uploads\/2024\/04\/4.png 1080w\" sizes=\"(max-width: 1080px) 100vw, 1080px\" \/><\/figure><\/li><li class=\"wp-block-jetpack-slideshow_slide swiper-slide\"><figure><img decoding=\"async\" loading=\"lazy\" width=\"1024\" height=\"1024\" alt=\"\" class=\"wp-block-jetpack-slideshow_image wp-image-2056\" data-id=\"2056\" src=\"https:\/\/koejonge.de\/wp-content\/uploads\/2024\/04\/1-1024x1024.png\" srcset=\"https:\/\/koejonge.de\/wp-content\/uploads\/2024\/04\/1-1024x1024.png 1024w, https:\/\/koejonge.de\/wp-content\/uploads\/2024\/04\/1-300x300.png 300w, https:\/\/koejonge.de\/wp-content\/uploads\/2024\/04\/1-150x150.png 150w, https:\/\/koejonge.de\/wp-content\/uploads\/2024\/04\/1-768x768.png 768w, https:\/\/koejonge.de\/wp-content\/uploads\/2024\/04\/1-600x600.png 600w, https:\/\/koejonge.de\/wp-content\/uploads\/2024\/04\/1-100x100.png 100w, https:\/\/koejonge.de\/wp-content\/uploads\/2024\/04\/1.png 1080w\" sizes=\"(max-width: 1024px) 100vw, 1024px\" \/><\/figure><\/li><li class=\"wp-block-jetpack-slideshow_slide swiper-slide\"><figure><img decoding=\"async\" loading=\"lazy\" width=\"1024\" height=\"1024\" alt=\"\" class=\"wp-block-jetpack-slideshow_image wp-image-2055\" data-id=\"2055\" src=\"https:\/\/koejonge.de\/wp-content\/uploads\/2024\/04\/3-1024x1024.png\" srcset=\"https:\/\/koejonge.de\/wp-content\/uploads\/2024\/04\/3-1024x1024.png 1024w, https:\/\/koejonge.de\/wp-content\/uploads\/2024\/04\/3-300x300.png 300w, https:\/\/koejonge.de\/wp-content\/uploads\/2024\/04\/3-150x150.png 150w, https:\/\/koejonge.de\/wp-content\/uploads\/2024\/04\/3-768x768.png 768w, https:\/\/koejonge.de\/wp-content\/uploads\/2024\/04\/3-600x600.png 600w, https:\/\/koejonge.de\/wp-content\/uploads\/2024\/04\/3-100x100.png 100w, https:\/\/koejonge.de\/wp-content\/uploads\/2024\/04\/3.png 1080w\" sizes=\"(max-width: 1024px) 100vw, 1024px\" \/><\/figure><\/li><li class=\"wp-block-jetpack-slideshow_slide swiper-slide\"><figure><img decoding=\"async\" loading=\"lazy\" width=\"1024\" height=\"1024\" alt=\"\" class=\"wp-block-jetpack-slideshow_image wp-image-2054\" data-id=\"2054\" src=\"https:\/\/koejonge.de\/wp-content\/uploads\/2024\/04\/2-1024x1024.png\" srcset=\"https:\/\/koejonge.de\/wp-content\/uploads\/2024\/04\/2-1024x1024.png 1024w, https:\/\/koejonge.de\/wp-content\/uploads\/2024\/04\/2-300x300.png 300w, https:\/\/koejonge.de\/wp-content\/uploads\/2024\/04\/2-150x150.png 150w, https:\/\/koejonge.de\/wp-content\/uploads\/2024\/04\/2-768x768.png 768w, https:\/\/koejonge.de\/wp-content\/uploads\/2024\/04\/2-600x600.png 600w, https:\/\/koejonge.de\/wp-content\/uploads\/2024\/04\/2-100x100.png 100w, https:\/\/koejonge.de\/wp-content\/uploads\/2024\/04\/2.png 1080w\" sizes=\"(max-width: 1024px) 100vw, 1024px\" \/><\/figure><\/li><li class=\"wp-block-jetpack-slideshow_slide swiper-slide\"><figure><img decoding=\"async\" loading=\"lazy\" width=\"485\" height=\"482\" alt=\"\" class=\"wp-block-jetpack-slideshow_image wp-image-2029\" data-id=\"2029\" src=\"https:\/\/koejonge.de\/wp-content\/uploads\/2024\/04\/Poth-Logo.png\" srcset=\"https:\/\/koejonge.de\/wp-content\/uploads\/2024\/04\/Poth-Logo.png 485w, https:\/\/koejonge.de\/wp-content\/uploads\/2024\/04\/Poth-Logo-300x298.png 300w, https:\/\/koejonge.de\/wp-content\/uploads\/2024\/04\/Poth-Logo-150x150.png 150w, https:\/\/koejonge.de\/wp-content\/uploads\/2024\/04\/Poth-Logo-100x100.png 100w\" sizes=\"(max-width: 485px) 100vw, 485px\" \/><\/figure><\/li><li class=\"wp-block-jetpack-slideshow_slide swiper-slide\"><figure><img decoding=\"async\" loading=\"lazy\" width=\"1024\" height=\"1024\" alt=\"\" class=\"wp-block-jetpack-slideshow_image wp-image-2119\" data-id=\"2119\" src=\"https:\/\/koejonge.de\/wp-content\/uploads\/2024\/05\/Sponsoren-1024x1024.png\" srcset=\"https:\/\/koejonge.de\/wp-content\/uploads\/2024\/05\/Sponsoren-1024x1024.png 1024w, https:\/\/koejonge.de\/wp-content\/uploads\/2024\/05\/Sponsoren-300x300.png 300w, https:\/\/koejonge.de\/wp-content\/uploads\/2024\/05\/Sponsoren-150x150.png 150w, https:\/\/koejonge.de\/wp-content\/uploads\/2024\/05\/Sponsoren-768x768.png 768w, https:\/\/koejonge.de\/wp-content\/uploads\/2024\/05\/Sponsoren-600x600.png 600w, https:\/\/koejonge.de\/wp-content\/uploads\/2024\/05\/Sponsoren-100x100.png 100w, https:\/\/koejonge.de\/wp-content\/uploads\/2024\/05\/Sponsoren.png 1080w\" sizes=\"(max-width: 1024px) 100vw, 1024px\" \/><\/figure><\/li><\/ul><a class=\"wp-block-jetpack-slideshow_button-prev swiper-button-prev swiper-button-white\" role=\"button\"><\/a><a class=\"wp-block-jetpack-slideshow_button-next swiper-button-next swiper-button-white\" role=\"button\"><\/a><a aria-label=\"Pause Slideshow\" class=\"wp-block-jetpack-slideshow_button-pause\" role=\"button\"><\/a><div class=\"wp-block-jetpack-slideshow_pagination swiper-pagination swiper-pagination-white\"><\/div><\/div><\/div>\n<\/div>\n<\/div>\n\n\n\n<p><\/p>\n","protected":false},"excerpt":{"rendered":"<p>Seit der Gr\u00fcndung der 1. KG Richterich 1956 &#8222;Koe Jonge&#8220; e.V. am 24. Oktober 1956&#8230;<\/p>\n","protected":false},"author":6,"featured_media":0,"parent":0,"menu_order":0,"comment_status":"closed","ping_status":"closed","template":"","meta":[],"_links":{"self":[{"href":"https:\/\/koejonge.de\/index.php?rest_route=\/wp\/v2\/pages\/1582"}],"collection":[{"href":"https:\/\/koejonge.de\/index.php?rest_route=\/wp\/v2\/pages"}],"about":[{"href":"https:\/\/koejonge.de\/index.php?rest_route=\/wp\/v2\/types\/page"}],"author":[{"embeddable":true,"href":"https:\/\/koejonge.de\/index.php?rest_route=\/wp\/v2\/users\/6"}],"replies":[{"embeddable":true,"href":"https:\/\/koejonge.de\/index.php?rest_route=%2Fwp%2Fv2%2Fcomments&post=1582"}],"version-history":[{"count":6,"href":"https:\/\/koejonge.de\/index.php?rest_route=\/wp\/v2\/pages\/1582\/revisions"}],"predecessor-version":[{"id":2121,"href":"https:\/\/koejonge.de\/index.php?rest_route=\/wp\/v2\/pages\/1582\/revisions\/2121"}],"wp:attachment":[{"href":"https:\/\/koejonge.de\/index.php?rest_route=%2Fwp%2Fv2%2Fmedia&parent=1582"}],"curies":[{"name":"wp","href":"https:\/\/api.w.org\/{rel}","templated":true}]}}