{"id":1584,"date":"2023-07-20T16:36:09","date_gmt":"2023-07-20T16:36:09","guid":{"rendered":"https:\/\/koejonge.de\/?page_id=1584"},"modified":"2024-10-25T11:35:23","modified_gmt":"2024-10-25T11:35:23","slug":"die-marangis","status":"publish","type":"page","link":"https:\/\/koejonge.de\/?page_id=1584","title":{"rendered":"Marangis"},"content":{"rendered":"<div class=\"wp-block-image is-style-rectangular\">\n<figure class=\"alignright is-resized\"><img decoding=\"async\" loading=\"lazy\" src=\"https:\/\/koejonge.de\/wp-content\/uploads\/2023\/08\/Marangis-Logo.jpg\" alt=\"\" class=\"wp-image-1641\" width=\"310\" height=\"310\" srcset=\"https:\/\/koejonge.de\/wp-content\/uploads\/2023\/08\/Marangis-Logo.jpg 960w, https:\/\/koejonge.de\/wp-content\/uploads\/2023\/08\/Marangis-Logo-300x300.jpg 300w, https:\/\/koejonge.de\/wp-content\/uploads\/2023\/08\/Marangis-Logo-150x150.jpg 150w, https:\/\/koejonge.de\/wp-content\/uploads\/2023\/08\/Marangis-Logo-768x768.jpg 768w, https:\/\/koejonge.de\/wp-content\/uploads\/2023\/08\/Marangis-Logo-600x600.jpg 600w, https:\/\/koejonge.de\/wp-content\/uploads\/2023\/08\/Marangis-Logo-100x100.jpg 100w\" sizes=\"(max-width: 310px) 100vw, 310px\" \/><\/figure><\/div>\n\n\n<p class=\"has-text-align-justify\">Nach guter, alter richtericher Tradition gr\u00fcndeten sich die Marangis aus einer Thekenlaune heraus. In der Session 1981\/82 feierten Sie unter seiner Tollit\u00e4t Hans III. Maa\u00dfen ihre rauschende B\u00fchnenpremiere. Die Sensation aus Richterich! Eine Damenshowtanzgruppe die bisher nirgendwo in Stadt und Kreis zu finden war \u2013 und die es heute immer noch gibt! <\/p>\n\n\n\n<p class=\"has-text-align-justify\">An dieser Stelle gilt ein gro\u00dfer Dank Marion Barth, Angelika Niessen und Gisela Phlippen, den Gr\u00fcnderinnen und Namensgeberinnen dieser Showtanzgruppe! <\/p>\n\n\n\n<p class=\"has-text-align-justify\">Mit viel Spa\u00df, Elan aber auch Disziplin und Ehrgeiz werden j\u00e4hrlich die Showt\u00e4nze mit viel Kreativit\u00e4t und nat\u00fcrlich Glitzer entwickelt. In zwei Stunden Training pro Woche und ein paar Workshops an den Wochenenden werden der Tanz einstudiert und die Kost\u00fcme entworfen. Dabei darf seit einigen Jahren die traditionelle Marangistour nat\u00fcrlich nicht fehlen. Ein gemeinsames Wochenende zum Kennenlernen, Genie\u00dfen und Zusammenwachsen. <\/p>\n\n\n\n<p class=\"has-text-align-justify\">Ab dem 11. November bis Aschermittwoch ziehen die Marangis mit dem ganzen Verein von Saal zu Saal durch ganz Aachen und \u00fcber die grenzen der St\u00e4dteregion hinaus. Nat\u00fcrlich l\u00e4sst man den ein oder anderen Karnevalsabend auch mal gem\u00fctlich mit einem Bier oder anderen Kaltgetr\u00e4nk ausklingen und hat einfach gemeinsam Spa\u00df am Karneval. <\/p>\n\n\n\n<div class=\"wp-block-jetpack-tiled-gallery aligncenter is-style-rectangular\"><div class=\"tiled-gallery__gallery\"><div class=\"tiled-gallery__row\"><div class=\"tiled-gallery__col\" style=\"flex-basis:68.25491%\"><figure class=\"tiled-gallery__item\"><img decoding=\"async\" srcset=\"https:\/\/i0.wp.com\/koejonge.de\/wp-content\/uploads\/2023\/08\/edcba0e7-552a-4a55-8441-57f41d786250-1024x733.jpg?strip=info&#038;w=600&#038;ssl=1 600w,https:\/\/i0.wp.com\/koejonge.de\/wp-content\/uploads\/2023\/08\/edcba0e7-552a-4a55-8441-57f41d786250-1024x733.jpg?strip=info&#038;w=900&#038;ssl=1 900w,https:\/\/i0.wp.com\/koejonge.de\/wp-content\/uploads\/2023\/08\/edcba0e7-552a-4a55-8441-57f41d786250-1024x733.jpg?strip=info&#038;w=1200&#038;ssl=1 1200w,https:\/\/i0.wp.com\/koejonge.de\/wp-content\/uploads\/2023\/08\/edcba0e7-552a-4a55-8441-57f41d786250-1024x733.jpg?strip=info&#038;w=1500&#038;ssl=1 1500w,https:\/\/i0.wp.com\/koejonge.de\/wp-content\/uploads\/2023\/08\/edcba0e7-552a-4a55-8441-57f41d786250-1024x733.jpg?strip=info&#038;w=1800&#038;ssl=1 1800w,https:\/\/i0.wp.com\/koejonge.de\/wp-content\/uploads\/2023\/08\/edcba0e7-552a-4a55-8441-57f41d786250-1024x733.jpg?strip=info&#038;w=1926&#038;ssl=1 1926w\" alt=\"\" data-height=\"1378\" data-id=\"1642\" data-link=\"https:\/\/koejonge.de\/?attachment_id=1642\" data-url=\"https:\/\/koejonge.de\/wp-content\/uploads\/2023\/08\/edcba0e7-552a-4a55-8441-57f41d786250-1024x733.jpg\" data-width=\"1926\" src=\"https:\/\/i0.wp.com\/koejonge.de\/wp-content\/uploads\/2023\/08\/edcba0e7-552a-4a55-8441-57f41d786250-1024x733.jpg?ssl=1\" data-amp-layout=\"responsive\"\/><\/figure><\/div><div class=\"tiled-gallery__col\" style=\"flex-basis:31.74509%\"><figure class=\"tiled-gallery__item\"><img decoding=\"async\" srcset=\"https:\/\/i2.wp.com\/koejonge.de\/wp-content\/uploads\/2023\/08\/998f2911-f58b-4d19-bf73-7006b384d981-1024x1020.jpg?strip=info&#038;w=600&#038;ssl=1 600w,https:\/\/i2.wp.com\/koejonge.de\/wp-content\/uploads\/2023\/08\/998f2911-f58b-4d19-bf73-7006b384d981-1024x1020.jpg?strip=info&#038;w=900&#038;ssl=1 900w,https:\/\/i2.wp.com\/koejonge.de\/wp-content\/uploads\/2023\/08\/998f2911-f58b-4d19-bf73-7006b384d981-1024x1020.jpg?strip=info&#038;w=1125&#038;ssl=1 1125w\" alt=\"\" data-height=\"1121\" data-id=\"1643\" data-link=\"https:\/\/koejonge.de\/?attachment_id=1643\" data-url=\"https:\/\/koejonge.de\/wp-content\/uploads\/2023\/08\/998f2911-f58b-4d19-bf73-7006b384d981-1024x1020.jpg\" data-width=\"1125\" src=\"https:\/\/i2.wp.com\/koejonge.de\/wp-content\/uploads\/2023\/08\/998f2911-f58b-4d19-bf73-7006b384d981-1024x1020.jpg?ssl=1\" data-amp-layout=\"responsive\"\/><\/figure><figure class=\"tiled-gallery__item\"><img decoding=\"async\" srcset=\"https:\/\/i1.wp.com\/koejonge.de\/wp-content\/uploads\/2023\/08\/b9662285-59ce-4ff2-ac9a-8e83544cc86e-1024x548.jpg?strip=info&#038;w=600&#038;ssl=1 600w,https:\/\/i1.wp.com\/koejonge.de\/wp-content\/uploads\/2023\/08\/b9662285-59ce-4ff2-ac9a-8e83544cc86e-1024x548.jpg?strip=info&#038;w=900&#038;ssl=1 900w,https:\/\/i1.wp.com\/koejonge.de\/wp-content\/uploads\/2023\/08\/b9662285-59ce-4ff2-ac9a-8e83544cc86e-1024x548.jpg?strip=info&#038;w=1200&#038;ssl=1 1200w,https:\/\/i1.wp.com\/koejonge.de\/wp-content\/uploads\/2023\/08\/b9662285-59ce-4ff2-ac9a-8e83544cc86e-1024x548.jpg?strip=info&#038;w=1260&#038;ssl=1 1260w\" alt=\"\" data-height=\"674\" data-id=\"1644\" data-link=\"https:\/\/koejonge.de\/?attachment_id=1644\" data-url=\"https:\/\/koejonge.de\/wp-content\/uploads\/2023\/08\/b9662285-59ce-4ff2-ac9a-8e83544cc86e-1024x548.jpg\" data-width=\"1260\" src=\"https:\/\/i1.wp.com\/koejonge.de\/wp-content\/uploads\/2023\/08\/b9662285-59ce-4ff2-ac9a-8e83544cc86e-1024x548.jpg?ssl=1\" data-amp-layout=\"responsive\"\/><\/figure><\/div><\/div><div class=\"tiled-gallery__row\"><div class=\"tiled-gallery__col\" style=\"flex-basis:57.22316%\"><figure class=\"tiled-gallery__item\"><img decoding=\"async\" srcset=\"https:\/\/i0.wp.com\/koejonge.de\/wp-content\/uploads\/2023\/08\/9c3ccb67-d7ec-4648-8477-7e5b81d9893c.jpg?strip=info&#038;w=513&#038;ssl=1 513w\" alt=\"\" data-height=\"511\" data-id=\"1645\" data-link=\"https:\/\/koejonge.de\/?attachment_id=1645\" data-url=\"https:\/\/koejonge.de\/wp-content\/uploads\/2023\/08\/9c3ccb67-d7ec-4648-8477-7e5b81d9893c.jpg\" data-width=\"513\" src=\"https:\/\/i0.wp.com\/koejonge.de\/wp-content\/uploads\/2023\/08\/9c3ccb67-d7ec-4648-8477-7e5b81d9893c.jpg?ssl=1\" data-amp-layout=\"responsive\"\/><\/figure><\/div><div class=\"tiled-gallery__col\" style=\"flex-basis:42.77684%\"><figure class=\"tiled-gallery__item\"><img decoding=\"async\" srcset=\"https:\/\/i1.wp.com\/koejonge.de\/wp-content\/uploads\/2023\/08\/c3ae7aa5-33b7-4367-99f9-b58a2f6c3ca4-768x1024.jpg?strip=info&#038;w=600&#038;ssl=1 600w,https:\/\/i1.wp.com\/koejonge.de\/wp-content\/uploads\/2023\/08\/c3ae7aa5-33b7-4367-99f9-b58a2f6c3ca4-768x1024.jpg?strip=info&#038;w=900&#038;ssl=1 900w,https:\/\/i1.wp.com\/koejonge.de\/wp-content\/uploads\/2023\/08\/c3ae7aa5-33b7-4367-99f9-b58a2f6c3ca4-768x1024.jpg?strip=info&#038;w=1200&#038;ssl=1 1200w,https:\/\/i1.wp.com\/koejonge.de\/wp-content\/uploads\/2023\/08\/c3ae7aa5-33b7-4367-99f9-b58a2f6c3ca4-768x1024.jpg?strip=info&#038;w=1500&#038;ssl=1 1500w,https:\/\/i1.wp.com\/koejonge.de\/wp-content\/uploads\/2023\/08\/c3ae7aa5-33b7-4367-99f9-b58a2f6c3ca4-768x1024.jpg?strip=info&#038;w=1536&#038;ssl=1 1536w\" alt=\"\" data-height=\"2048\" data-id=\"1646\" data-link=\"https:\/\/koejonge.de\/?attachment_id=1646\" data-url=\"https:\/\/koejonge.de\/wp-content\/uploads\/2023\/08\/c3ae7aa5-33b7-4367-99f9-b58a2f6c3ca4-768x1024.jpg\" data-width=\"1536\" src=\"https:\/\/i1.wp.com\/koejonge.de\/wp-content\/uploads\/2023\/08\/c3ae7aa5-33b7-4367-99f9-b58a2f6c3ca4-768x1024.jpg?ssl=1\" data-amp-layout=\"responsive\"\/><\/figure><\/div><\/div><div class=\"tiled-gallery__row\"><div class=\"tiled-gallery__col\" style=\"flex-basis:23.77334%\"><figure class=\"tiled-gallery__item\"><img decoding=\"async\" srcset=\"https:\/\/i1.wp.com\/koejonge.de\/wp-content\/uploads\/2023\/08\/6a89ae33-a24d-4a45-b60e-4b883b735460-768x1024.jpg?strip=info&#038;w=600&#038;ssl=1 600w,https:\/\/i1.wp.com\/koejonge.de\/wp-content\/uploads\/2023\/08\/6a89ae33-a24d-4a45-b60e-4b883b735460-768x1024.jpg?strip=info&#038;w=900&#038;ssl=1 900w,https:\/\/i1.wp.com\/koejonge.de\/wp-content\/uploads\/2023\/08\/6a89ae33-a24d-4a45-b60e-4b883b735460-768x1024.jpg?strip=info&#038;w=1200&#038;ssl=1 1200w,https:\/\/i1.wp.com\/koejonge.de\/wp-content\/uploads\/2023\/08\/6a89ae33-a24d-4a45-b60e-4b883b735460-768x1024.jpg?strip=info&#038;w=1500&#038;ssl=1 1500w,https:\/\/i1.wp.com\/koejonge.de\/wp-content\/uploads\/2023\/08\/6a89ae33-a24d-4a45-b60e-4b883b735460-768x1024.jpg?strip=info&#038;w=1536&#038;ssl=1 1536w\" alt=\"\" data-height=\"2048\" data-id=\"1647\" data-link=\"https:\/\/koejonge.de\/?attachment_id=1647\" data-url=\"https:\/\/koejonge.de\/wp-content\/uploads\/2023\/08\/6a89ae33-a24d-4a45-b60e-4b883b735460-768x1024.jpg\" data-width=\"1536\" src=\"https:\/\/i1.wp.com\/koejonge.de\/wp-content\/uploads\/2023\/08\/6a89ae33-a24d-4a45-b60e-4b883b735460-768x1024.jpg?ssl=1\" data-amp-layout=\"responsive\"\/><\/figure><\/div><div class=\"tiled-gallery__col\" style=\"flex-basis:43.52057%\"><figure class=\"tiled-gallery__item\"><img decoding=\"async\" srcset=\"https:\/\/i1.wp.com\/koejonge.de\/wp-content\/uploads\/2023\/08\/1bce92e5-0408-489a-8dda-8e3d50e8b515-1024x744.jpg?strip=info&#038;w=600&#038;ssl=1 600w,https:\/\/i1.wp.com\/koejonge.de\/wp-content\/uploads\/2023\/08\/1bce92e5-0408-489a-8dda-8e3d50e8b515-1024x744.jpg?strip=info&#038;w=900&#038;ssl=1 900w,https:\/\/i1.wp.com\/koejonge.de\/wp-content\/uploads\/2023\/08\/1bce92e5-0408-489a-8dda-8e3d50e8b515-1024x744.jpg?strip=info&#038;w=1200&#038;ssl=1 1200w,https:\/\/i1.wp.com\/koejonge.de\/wp-content\/uploads\/2023\/08\/1bce92e5-0408-489a-8dda-8e3d50e8b515-1024x744.jpg?strip=info&#038;w=1500&#038;ssl=1 1500w,https:\/\/i1.wp.com\/koejonge.de\/wp-content\/uploads\/2023\/08\/1bce92e5-0408-489a-8dda-8e3d50e8b515-1024x744.jpg?strip=info&#038;w=1781&#038;ssl=1 1781w\" alt=\"\" data-height=\"1294\" data-id=\"1648\" data-link=\"https:\/\/koejonge.de\/?attachment_id=1648\" data-url=\"https:\/\/koejonge.de\/wp-content\/uploads\/2023\/08\/1bce92e5-0408-489a-8dda-8e3d50e8b515-1024x744.jpg\" data-width=\"1781\" src=\"https:\/\/i1.wp.com\/koejonge.de\/wp-content\/uploads\/2023\/08\/1bce92e5-0408-489a-8dda-8e3d50e8b515-1024x744.jpg?ssl=1\" data-amp-layout=\"responsive\"\/><\/figure><\/div><div class=\"tiled-gallery__col\" style=\"flex-basis:32.70609%\"><figure class=\"tiled-gallery__item\"><img decoding=\"async\" srcset=\"https:\/\/i2.wp.com\/koejonge.de\/wp-content\/uploads\/2023\/08\/169c50db-bf80-46b5-8959-eab9fcee8747-1024x991.jpg?strip=info&#038;w=600&#038;ssl=1 600w,https:\/\/i2.wp.com\/koejonge.de\/wp-content\/uploads\/2023\/08\/169c50db-bf80-46b5-8959-eab9fcee8747-1024x991.jpg?strip=info&#038;w=900&#038;ssl=1 900w,https:\/\/i2.wp.com\/koejonge.de\/wp-content\/uploads\/2023\/08\/169c50db-bf80-46b5-8959-eab9fcee8747-1024x991.jpg?strip=info&#038;w=1178&#038;ssl=1 1178w\" alt=\"\" data-height=\"1140\" data-id=\"1649\" data-link=\"https:\/\/koejonge.de\/?attachment_id=1649\" data-url=\"https:\/\/koejonge.de\/wp-content\/uploads\/2023\/08\/169c50db-bf80-46b5-8959-eab9fcee8747-1024x991.jpg\" data-width=\"1178\" src=\"https:\/\/i2.wp.com\/koejonge.de\/wp-content\/uploads\/2023\/08\/169c50db-bf80-46b5-8959-eab9fcee8747-1024x991.jpg?ssl=1\" data-amp-layout=\"responsive\"\/><\/figure><\/div><\/div><\/div><\/div>\n","protected":false},"excerpt":{"rendered":"<p>Nach guter, alter richtericher Tradition gr\u00fcndeten sich die Marangis aus einer Thekenlaune heraus. In der&#8230;<\/p>\n","protected":false},"author":6,"featured_media":0,"parent":0,"menu_order":0,"comment_status":"closed","ping_status":"closed","template":"","meta":[],"_links":{"self":[{"href":"https:\/\/koejonge.de\/index.php?rest_route=\/wp\/v2\/pages\/1584"}],"collection":[{"href":"https:\/\/koejonge.de\/index.php?rest_route=\/wp\/v2\/pages"}],"about":[{"href":"https:\/\/koejonge.de\/index.php?rest_route=\/wp\/v2\/types\/page"}],"author":[{"embeddable":true,"href":"https:\/\/koejonge.de\/index.php?rest_route=\/wp\/v2\/users\/6"}],"replies":[{"embeddable":true,"href":"https:\/\/koejonge.de\/index.php?rest_route=%2Fwp%2Fv2%2Fcomments&post=1584"}],"version-history":[{"count":7,"href":"https:\/\/koejonge.de\/index.php?rest_route=\/wp\/v2\/pages\/1584\/revisions"}],"predecessor-version":[{"id":2330,"href":"https:\/\/koejonge.de\/index.php?rest_route=\/wp\/v2\/pages\/1584\/revisions\/2330"}],"wp:attachment":[{"href":"https:\/\/koejonge.de\/index.php?rest_route=%2Fwp%2Fv2%2Fmedia&parent=1584"}],"curies":[{"name":"wp","href":"https:\/\/api.w.org\/{rel}","templated":true}]}}