{"id":2157,"date":"2024-06-06T11:05:52","date_gmt":"2024-06-06T11:05:52","guid":{"rendered":"https:\/\/koejonge.de\/?page_id=2157"},"modified":"2024-07-18T10:35:51","modified_gmt":"2024-07-18T10:35:51","slug":"sponsor-werden","status":"publish","type":"page","link":"https:\/\/koejonge.de\/?page_id=2157","title":{"rendered":"Sponsor werden &#038; Gutes tun"},"content":{"rendered":"\n<p><\/p>\n\n\n\n<p><\/p>\n\n\n\n<div class=\"wp-block-columns is-layout-flex wp-container-3\">\n<div class=\"wp-block-column is-layout-flow\">\n<p>Im Ortsteil Richterich h\u00e4lt man zusammen. Vereine tauschen sich untereinander aus und man hilft und unterst\u00fctzt sich, wo es geht. Das soll sich auch in unserer Partnerkampagne widerspiegeln. <strong>Aus diesem Grund haben wir uns entschlossen: 10 % der bei uns eingegangenen Unterst\u00fctzung an den F\u00f6rderverein \u201eFreunde von una-cum e.V.\u201c weiter zu geben.<\/strong><\/p>\n<\/div>\n\n\n\n<div class=\"wp-block-column is-layout-flow\">\n<figure class=\"wp-block-image size-full\"><img decoding=\"async\" loading=\"lazy\" width=\"335\" height=\"148\" src=\"https:\/\/koejonge.de\/wp-content\/uploads\/2024\/06\/Bild2.jpg\" alt=\"\" class=\"wp-image-2177\" srcset=\"https:\/\/koejonge.de\/wp-content\/uploads\/2024\/06\/Bild2.jpg 335w, https:\/\/koejonge.de\/wp-content\/uploads\/2024\/06\/Bild2-300x133.jpg 300w\" sizes=\"(max-width: 335px) 100vw, 335px\" \/><\/figure>\n<\/div>\n<\/div>\n\n\n\n<p>Transparenz und Vereinbarungen sind uns ein wichtiges Anliegen, daher m\u00f6chten wir Ihnen hier die M\u00f6glichkeit geben einen Einblick in das Arrangement mit Freunde von una-cum e.V. zu bekommen. <\/p>\n\n\n\n<div class=\"wp-block-file\"><a id=\"wp-block-file--media-147a922f-2ee7-45b8-8b09-7fd661e07478\" href=\"https:\/\/koejonge.de\/wp-content\/uploads\/2024\/06\/Spendenvereinbarung_Koe_Jonge-1.pdf\">Spendenvereinbarung Koe Jonge &#8211; Una Cum<\/a><a href=\"https:\/\/koejonge.de\/wp-content\/uploads\/2024\/06\/Spendenvereinbarung_Koe_Jonge-1.pdf\" class=\"wp-block-file__button wp-element-button\" download aria-describedby=\"wp-block-file--media-147a922f-2ee7-45b8-8b09-7fd661e07478\">Herunterladen<\/a><\/div>\n\n\n\n<div style=\"height:63px\" aria-hidden=\"true\" class=\"wp-block-spacer\"><\/div>\n\n\n\n<div class=\"wp-block-columns is-layout-flex wp-container-6\">\n<div class=\"wp-block-column is-vertically-aligned-center is-layout-flow\" style=\"flex-basis:33.33%\"><div class=\"wp-block-image\">\n<figure class=\"aligncenter size-full\"><img decoding=\"async\" loading=\"lazy\" width=\"797\" height=\"278\" src=\"https:\/\/koejonge.de\/wp-content\/uploads\/2024\/06\/Bild1.png\" alt=\"\" class=\"wp-image-2178\" srcset=\"https:\/\/koejonge.de\/wp-content\/uploads\/2024\/06\/Bild1.png 797w, https:\/\/koejonge.de\/wp-content\/uploads\/2024\/06\/Bild1-300x105.png 300w, https:\/\/koejonge.de\/wp-content\/uploads\/2024\/06\/Bild1-768x268.png 768w, https:\/\/koejonge.de\/wp-content\/uploads\/2024\/06\/Bild1-600x209.png 600w\" sizes=\"(max-width: 797px) 100vw, 797px\" \/><\/figure><\/div><\/div>\n\n\n\n<div class=\"wp-block-column is-layout-flow\" style=\"flex-basis:66.66%\">\n<p>una-cum begleitet, sch\u00fctzt und f\u00f6rdert ganzheitlich das Zusammenleben von Eltern (-teilen) und ihren Kindern, die durch besondere Lebensumst\u00e4nde eine besondere Unterst\u00fctzung ben\u00f6tigen. Durch den F\u00f6rderverein k\u00f6nnen wichtige Projekte und therapeutische Angebote realisiert werden, die einen entscheidenden Unterschied machen. Diese Unterst\u00fctzung ist ein bedeutender Beitrag f\u00fcr die Familien auf ihrem herausfordernden Weg in ein verantwortungsbewusstes Leben mit Kind und ein gro\u00dfer Schritt f\u00fcr die Chancengleichheit von Kindern.<\/p>\n<\/div>\n<\/div>\n\n\n\n<figure class=\"wp-block-video\"><video autoplay controls muted src=\"https:\/\/koejonge.de\/wp-content\/uploads\/2024\/06\/VIDEO-2023-11-16-18-36-05_web.mp4\"><\/video><\/figure>\n\n\n\n<div class=\"wp-block-columns is-layout-flex wp-container-9\">\n<div class=\"wp-block-column is-vertically-aligned-center is-layout-flow\">\n<p class=\"has-text-align-right\">Roermonder Str. 562, 52072 Aachen<\/p>\n\n\n\n<p class=\"has-text-align-right\">+49 241 8880899<\/p>\n<\/div>\n\n\n\n<div class=\"wp-block-column is-vertically-aligned-bottom is-layout-flow\">\n<h3 class=\"wp-block-heading\"><a href=\"https:\/\/www.una-cum.com\/\">www.una-cum.com<\/a><\/h3>\n\n\n\n<p>info@una-cum.com<\/p>\n<\/div>\n<\/div>\n\n\n\n<figure class=\"wp-block-gallery has-nested-images columns-1 wp-block-gallery-10 is-layout-flex\">\n<figure class=\"wp-block-image size-full\"><img decoding=\"async\" loading=\"lazy\" width=\"1414\" height=\"2000\" data-id=\"2168\"  src=\"https:\/\/koejonge.de\/wp-content\/uploads\/2024\/06\/2-1.png\" alt=\"\" class=\"wp-image-2168\" srcset=\"https:\/\/koejonge.de\/wp-content\/uploads\/2024\/06\/2-1.png 1414w, https:\/\/koejonge.de\/wp-content\/uploads\/2024\/06\/2-1-212x300.png 212w, https:\/\/koejonge.de\/wp-content\/uploads\/2024\/06\/2-1-724x1024.png 724w, https:\/\/koejonge.de\/wp-content\/uploads\/2024\/06\/2-1-768x1086.png 768w, https:\/\/koejonge.de\/wp-content\/uploads\/2024\/06\/2-1-1086x1536.png 1086w, https:\/\/koejonge.de\/wp-content\/uploads\/2024\/06\/2-1-1024x1448.png 1024w, https:\/\/koejonge.de\/wp-content\/uploads\/2024\/06\/2-1-600x849.png 600w\" sizes=\"(max-width: 1414px) 100vw, 1414px\" \/><\/figure>\n\n\n\n<figure class=\"wp-block-image size-full\"><img decoding=\"async\" loading=\"lazy\" width=\"1414\" height=\"2000\" data-id=\"2169\"  src=\"https:\/\/koejonge.de\/wp-content\/uploads\/2024\/06\/5-1.png\" alt=\"\" class=\"wp-image-2169\" srcset=\"https:\/\/koejonge.de\/wp-content\/uploads\/2024\/06\/5-1.png 1414w, https:\/\/koejonge.de\/wp-content\/uploads\/2024\/06\/5-1-212x300.png 212w, https:\/\/koejonge.de\/wp-content\/uploads\/2024\/06\/5-1-724x1024.png 724w, https:\/\/koejonge.de\/wp-content\/uploads\/2024\/06\/5-1-768x1086.png 768w, https:\/\/koejonge.de\/wp-content\/uploads\/2024\/06\/5-1-1086x1536.png 1086w, https:\/\/koejonge.de\/wp-content\/uploads\/2024\/06\/5-1-1024x1448.png 1024w, https:\/\/koejonge.de\/wp-content\/uploads\/2024\/06\/5-1-600x849.png 600w\" sizes=\"(max-width: 1414px) 100vw, 1414px\" \/><\/figure>\n<\/figure>\n\n\n\n<figure class=\"wp-block-image size-full\"><img decoding=\"async\" loading=\"lazy\" width=\"1414\" height=\"2000\" src=\"https:\/\/koejonge.de\/wp-content\/uploads\/2024\/06\/Sponsorenkampagne-Digital.png\" alt=\"\" class=\"wp-image-2174\" srcset=\"https:\/\/koejonge.de\/wp-content\/uploads\/2024\/06\/Sponsorenkampagne-Digital.png 1414w, https:\/\/koejonge.de\/wp-content\/uploads\/2024\/06\/Sponsorenkampagne-Digital-212x300.png 212w, https:\/\/koejonge.de\/wp-content\/uploads\/2024\/06\/Sponsorenkampagne-Digital-724x1024.png 724w, https:\/\/koejonge.de\/wp-content\/uploads\/2024\/06\/Sponsorenkampagne-Digital-768x1086.png 768w, https:\/\/koejonge.de\/wp-content\/uploads\/2024\/06\/Sponsorenkampagne-Digital-1086x1536.png 1086w, https:\/\/koejonge.de\/wp-content\/uploads\/2024\/06\/Sponsorenkampagne-Digital-1024x1448.png 1024w, https:\/\/koejonge.de\/wp-content\/uploads\/2024\/06\/Sponsorenkampagne-Digital-600x849.png 600w\" sizes=\"(max-width: 1414px) 100vw, 1414px\" \/><\/figure>\n\n\n\n<p class=\"has-text-align-center\">Sie haben sich entschlossen uns wieder eine Unterst\u00fctzung zukommen zu lassen?<br>Dar\u00fcber freuen wir uns sehr und m\u00f6chten Ihnen vorab schon unseren Dank aussprechen!<strong><br>Nutzen Sie doch hierzu gerne unser Formular oder Sprechen uns pers\u00f6nlich an.<\/strong><\/p>\n\n\n\n<div class=\"wp-block-columns is-layout-flex wp-container-15\">\n<div class=\"wp-block-column is-layout-flow\">\n<h3 class=\"wp-block-heading\">Benjamin Leskau<\/h3>\n\n\n\n<p>1.Gesch\u00e4ftsf\u00fchrer<\/p>\n\n\n\n<p>1.Ansprechpartner Sponsoring<\/p>\n\n\n\n<p class=\"has-text-align-left\">info@koejonge.de<\/p>\n\n\n\n<p>0160 \/ 92314683<\/p>\n<\/div>\n\n\n\n<div class=\"wp-block-column is-vertically-aligned-top is-layout-flow\">\n<div class=\"wp-block-group is-layout-constrained\"><div class=\"wp-block-group__inner-container\">\n<h3 class=\"wp-block-heading has-text-align-right\">Michael Cla\u00dfen<\/h3>\n\n\n\n<p class=\"has-text-align-right\">1.Vorsitzender<\/p>\n\n\n\n<p class=\"has-text-align-right\">Vize Pr\u00e4sident<\/p>\n\n\n\n<p class=\"has-text-align-right\">info@koejonge.de<\/p>\n\n\n\n<p class=\"has-text-align-right\">01511 \/ 9480022<\/p>\n<\/div><\/div>\n<\/div>\n<\/div>\n\n\n<div class=\"wpforms-container wpforms-container-full wpforms-block wpforms-block-0ad92188-89fb-4ccd-a4e9-0919c35e5ec8 wpforms-render-modern\" id=\"wpforms-2191\"><form id=\"wpforms-form-2191\" class=\"wpforms-validate wpforms-form wpforms-ajax-form\" data-formid=\"2191\" method=\"post\" enctype=\"multipart\/form-data\" action=\"\/index.php?rest_route=%2Fwp%2Fv2%2Fpages%2F2157\" data-token=\"8cbfa93238804f78c043689fbb69fb9c\" data-token-time=\"1777250687\"><noscript class=\"wpforms-error-noscript\">Bitte aktiviere JavaScript in deinem Browser, um dieses Formular fertigzustellen.<\/noscript><div id=\"wpforms-error-noscript\" style=\"display: none;\">Bitte aktiviere JavaScript in deinem Browser, um dieses Formular fertigzustellen.<\/div><div class=\"wpforms-field-container\"><div id=\"wpforms-2191-field_3-container\" class=\"wpforms-field wpforms-field-radio wpforms-list-2-columns\" data-field-id=\"3\"><fieldset><legend class=\"wpforms-field-label\">Sponsorenpakete<\/legend><ul id=\"wpforms-2191-field_3\"><li class=\"choice-1 depth-1\"><input type=\"radio\" id=\"wpforms-2191-field_3_1\" name=\"wpforms[fields][3]\" value=\"Media Sponsor 333,00\u20ac \/ 396,27\u20ac (Brutto)\" aria-errormessage=\"wpforms-2191-field_3_1-error\"  ><label class=\"wpforms-field-label-inline\" for=\"wpforms-2191-field_3_1\">Media Sponsor 333,00\u20ac \/ 396,27\u20ac (Brutto)<\/label><\/li><li class=\"choice-2 depth-1\"><input type=\"radio\" id=\"wpforms-2191-field_3_2\" name=\"wpforms[fields][3]\" value=\"Bronze Sponsor 444,00\u20ac \/ 528,36\u20ac (Brutto)\" aria-errormessage=\"wpforms-2191-field_3_2-error\"  ><label class=\"wpforms-field-label-inline\" for=\"wpforms-2191-field_3_2\">Bronze Sponsor 444,00\u20ac \/ 528,36\u20ac (Brutto)<\/label><\/li><li class=\"choice-3 depth-1\"><input type=\"radio\" id=\"wpforms-2191-field_3_3\" name=\"wpforms[fields][3]\" value=\"Silber Sponsor 555,00\u20ac \/ 660,45 \u20ac (Brutto)\" aria-errormessage=\"wpforms-2191-field_3_3-error\"  ><label class=\"wpforms-field-label-inline\" for=\"wpforms-2191-field_3_3\">Silber Sponsor 555,00\u20ac \/ 660,45 \u20ac (Brutto)<\/label><\/li><li class=\"choice-4 depth-1\"><input type=\"radio\" id=\"wpforms-2191-field_3_4\" name=\"wpforms[fields][3]\" value=\"Gold Sponsor 999,00\u20ac \/ 1.188,81 \u20ac (Brutto)\" aria-errormessage=\"wpforms-2191-field_3_4-error\"  ><label class=\"wpforms-field-label-inline\" for=\"wpforms-2191-field_3_4\">Gold Sponsor 999,00\u20ac \/ 1.188,81 \u20ac (Brutto)<\/label><\/li><li class=\"choice-5 depth-1\"><input type=\"radio\" id=\"wpforms-2191-field_3_5\" name=\"wpforms[fields][3]\" value=\"Hauptsponsor Premium 3333,00\u20ac \/ 3.3966,27 \u20ac (Brutto)\" aria-errormessage=\"wpforms-2191-field_3_5-error\"  ><label class=\"wpforms-field-label-inline\" for=\"wpforms-2191-field_3_5\">Hauptsponsor Premium 3333,00\u20ac \/ 3.3966,27 \u20ac (Brutto)<\/label><\/li><li class=\"choice-6 depth-1\"><input type=\"radio\" id=\"wpforms-2191-field_3_6\" name=\"wpforms[fields][3]\" value=\"Hauptsponsor Platin 5555,00\u20ac \/ 6.610,45\u20ac (Brutto)\" aria-errormessage=\"wpforms-2191-field_3_6-error\"  ><label class=\"wpforms-field-label-inline\" for=\"wpforms-2191-field_3_6\">Hauptsponsor Platin 5555,00\u20ac \/ 6.610,45\u20ac (Brutto)<\/label><\/li><\/ul><\/fieldset><\/div><div id=\"wpforms-2191-field_6-container\" class=\"wpforms-field wpforms-field-checkbox wpforms-list-3-columns\" data-field-id=\"6\"><fieldset><legend class=\"wpforms-field-label\">Sachspenden<\/legend><ul id=\"wpforms-2191-field_6\"><li class=\"choice-1 depth-1\"><input type=\"checkbox\" id=\"wpforms-2191-field_6_1\" name=\"wpforms[fields][6][]\" value=\"Vereinsbekleidung\" aria-errormessage=\"wpforms-2191-field_6_1-error\"  ><label class=\"wpforms-field-label-inline\" for=\"wpforms-2191-field_6_1\">Vereinsbekleidung<\/label><\/li><li class=\"choice-2 depth-1\"><input type=\"checkbox\" id=\"wpforms-2191-field_6_2\" name=\"wpforms[fields][6][]\" value=\"Ausstattung Karnevalswagen\" aria-errormessage=\"wpforms-2191-field_6_2-error\"  ><label class=\"wpforms-field-label-inline\" for=\"wpforms-2191-field_6_2\">Ausstattung Karnevalswagen<\/label><\/li><li class=\"choice-3 depth-1\"><input type=\"checkbox\" id=\"wpforms-2191-field_6_3\" name=\"wpforms[fields][6][]\" value=\"Wurfmaterialien\" aria-errormessage=\"wpforms-2191-field_6_3-error\"  ><label class=\"wpforms-field-label-inline\" for=\"wpforms-2191-field_6_3\">Wurfmaterialien<\/label><\/li><li class=\"choice-4 depth-1\"><input type=\"checkbox\" id=\"wpforms-2191-field_6_4\" name=\"wpforms[fields][6][]\" value=\"Bereitstellung KFZ\" aria-errormessage=\"wpforms-2191-field_6_4-error\"  ><label class=\"wpforms-field-label-inline\" for=\"wpforms-2191-field_6_4\">Bereitstellung KFZ<\/label><\/li><li class=\"choice-5 depth-1\"><input type=\"checkbox\" id=\"wpforms-2191-field_6_5\" name=\"wpforms[fields][6][]\" value=\"Bereitstellung Bus\" aria-errormessage=\"wpforms-2191-field_6_5-error\"  ><label class=\"wpforms-field-label-inline\" for=\"wpforms-2191-field_6_5\">Bereitstellung Bus<\/label><\/li><li class=\"choice-6 depth-1\"><input type=\"checkbox\" id=\"wpforms-2191-field_6_6\" name=\"wpforms[fields][6][]\" value=\"Ausstattung Veranstaltungen\" aria-errormessage=\"wpforms-2191-field_6_6-error\"  ><label class=\"wpforms-field-label-inline\" for=\"wpforms-2191-field_6_6\">Ausstattung Veranstaltungen<\/label><\/li><li class=\"choice-7 depth-1\"><input type=\"checkbox\" id=\"wpforms-2191-field_6_7\" name=\"wpforms[fields][6][]\" value=\"B\u00fchnenbild\" aria-errormessage=\"wpforms-2191-field_6_7-error\"  ><label class=\"wpforms-field-label-inline\" for=\"wpforms-2191-field_6_7\">B\u00fchnenbild<\/label><\/li><li class=\"choice-8 depth-1\"><input type=\"checkbox\" id=\"wpforms-2191-field_6_8\" name=\"wpforms[fields][6][]\" value=\"Webdesign\" aria-errormessage=\"wpforms-2191-field_6_8-error\"  ><label class=\"wpforms-field-label-inline\" for=\"wpforms-2191-field_6_8\">Webdesign<\/label><\/li><li class=\"choice-9 depth-1\"><input type=\"checkbox\" id=\"wpforms-2191-field_6_9\" name=\"wpforms[fields][6][]\" value=\"Ich W\u00fcnsche ein pers\u00f6nliches Gespr\u00e4ch\" aria-errormessage=\"wpforms-2191-field_6_9-error\"  ><label class=\"wpforms-field-label-inline\" for=\"wpforms-2191-field_6_9\">Ich W\u00fcnsche ein pers\u00f6nliches Gespr\u00e4ch<\/label><\/li><\/ul><\/fieldset><\/div><div id=\"wpforms-2191-field_7-container\" class=\"wpforms-field wpforms-field-textarea\" data-field-id=\"7\"><label class=\"wpforms-field-label\" for=\"wpforms-2191-field_7\">Eigene Idee<\/label><textarea id=\"wpforms-2191-field_7\" class=\"wpforms-field-medium\" name=\"wpforms[fields][7]\" aria-errormessage=\"wpforms-2191-field_7-error\" ><\/textarea><\/div><div id=\"wpforms-2191-field_8-container\" class=\"wpforms-field wpforms-field-radio wpforms-list-2-columns\" data-field-id=\"8\"><fieldset><legend class=\"wpforms-field-label\">Eine \u201ckleine\u201d Geste verhilft auch zu gro\u00dfen Spr\u00fcngen<\/legend><ul id=\"wpforms-2191-field_8\"><li class=\"choice-1 depth-1\"><input type=\"radio\" id=\"wpforms-2191-field_8_1\" name=\"wpforms[fields][8]\" value=\"\u00bd Seite in Farbe in Festschrift 77,00\u20ac \/ 91,63 \u20ac (Brutto)\" aria-errormessage=\"wpforms-2191-field_8_1-error\"  ><label class=\"wpforms-field-label-inline\" for=\"wpforms-2191-field_8_1\">\u00bd Seite in Farbe in Festschrift 77,00\u20ac \/ 91,63 \u20ac (Brutto)<\/label><\/li><li class=\"choice-2 depth-1\"><input type=\"radio\" id=\"wpforms-2191-field_8_2\" name=\"wpforms[fields][8]\" value=\"1 Seite in Farbe in Festschrift 133,00\u20ac \/ 158,27 \u20ac (Brutto)\" aria-errormessage=\"wpforms-2191-field_8_2-error\"  ><label class=\"wpforms-field-label-inline\" for=\"wpforms-2191-field_8_2\">1 Seite in Farbe in Festschrift 133,00\u20ac \/ 158,27 \u20ac (Brutto)<\/label><\/li><li class=\"choice-3 depth-1\"><input type=\"radio\" id=\"wpforms-2191-field_8_3\" name=\"wpforms[fields][8]\" value=\"Doppelseite in Farbe in Festschrift 255,00\u20ac \/ 303,45 \u20ac (Brutto)\" aria-errormessage=\"wpforms-2191-field_8_3-error\"  ><label class=\"wpforms-field-label-inline\" for=\"wpforms-2191-field_8_3\">Doppelseite in Farbe in Festschrift 255,00\u20ac \/ 303,45 \u20ac (Brutto)<\/label><\/li><li class=\"choice-4 depth-1\"><input type=\"radio\" id=\"wpforms-2191-field_8_4\" name=\"wpforms[fields][8]\" value=\"Logo abgedruckt im Flyer 55,00\u20ac \/ 65,45 \u20ac (Brutto)\" aria-errormessage=\"wpforms-2191-field_8_4-error\"  ><label class=\"wpforms-field-label-inline\" for=\"wpforms-2191-field_8_4\">Logo abgedruckt im Flyer 55,00\u20ac \/ 65,45 \u20ac (Brutto)<\/label><\/li><li class=\"choice-5 depth-1\"><input type=\"radio\" id=\"wpforms-2191-field_8_5\" name=\"wpforms[fields][8]\" value=\"1 Seite in Farbe im Flyer 133,00\u20ac \/ 158,27 \u20ac (Brutto)\" aria-errormessage=\"wpforms-2191-field_8_5-error\"  ><label class=\"wpforms-field-label-inline\" for=\"wpforms-2191-field_8_5\">1 Seite in Farbe im Flyer 133,00\u20ac \/ 158,27 \u20ac (Brutto)<\/label><\/li><li class=\"choice-6 depth-1\"><input type=\"radio\" id=\"wpforms-2191-field_8_6\" name=\"wpforms[fields][8]\" value=\"Firmenlogo Online 55,00\u20ac \/ 65,45 \u20ac (Brutto)\" aria-errormessage=\"wpforms-2191-field_8_6-error\"  ><label class=\"wpforms-field-label-inline\" for=\"wpforms-2191-field_8_6\">Firmenlogo Online 55,00\u20ac \/ 65,45 \u20ac (Brutto)<\/label><\/li><li class=\"choice-7 depth-1\"><input type=\"radio\" id=\"wpforms-2191-field_8_7\" name=\"wpforms[fields][8]\" value=\"Firmenlogo auf Banner (40x70cm) 133,00\u20ac \/ 158,27 \u20ac (Brutto)\" aria-errormessage=\"wpforms-2191-field_8_7-error\"  ><label class=\"wpforms-field-label-inline\" for=\"wpforms-2191-field_8_7\">Firmenlogo auf Banner (40x70cm) 133,00\u20ac \/ 158,27 \u20ac (Brutto)<\/label><\/li><\/ul><\/fieldset><\/div><div id=\"wpforms-2191-field_9-container\" class=\"wpforms-field wpforms-field-name\" data-field-id=\"9\"><fieldset><legend class=\"wpforms-field-label\">Name <span class=\"wpforms-required-label\" aria-hidden=\"true\">*<\/span><\/legend><div class=\"wpforms-field-row wpforms-field-medium\"><div class=\"wpforms-field-row-block wpforms-first wpforms-one-half\"><input type=\"text\" id=\"wpforms-2191-field_9\" class=\"wpforms-field-name-first wpforms-field-required\" name=\"wpforms[fields][9][first]\" aria-errormessage=\"wpforms-2191-field_9-error\" required><label for=\"wpforms-2191-field_9\" class=\"wpforms-field-sublabel after\">Vorname<\/label><\/div><div class=\"wpforms-field-row-block wpforms-one-half\"><input type=\"text\" id=\"wpforms-2191-field_9-last\" class=\"wpforms-field-name-last wpforms-field-required\" name=\"wpforms[fields][9][last]\" aria-errormessage=\"wpforms-2191-field_9-last-error\" required><label for=\"wpforms-2191-field_9-last\" class=\"wpforms-field-sublabel after\">Nachname<\/label><\/div><\/div><\/fieldset><\/div><div id=\"wpforms-2191-field_10-container\" class=\"wpforms-field wpforms-field-text\" data-field-id=\"10\"><label class=\"wpforms-field-label\" for=\"wpforms-2191-field_10\">Anschrift \/ PLZ <span class=\"wpforms-required-label\" aria-hidden=\"true\">*<\/span><\/label><input type=\"text\" id=\"wpforms-2191-field_10\" class=\"wpforms-field-medium wpforms-field-required\" name=\"wpforms[fields][10]\" aria-errormessage=\"wpforms-2191-field_10-error\" required><\/div><div id=\"wpforms-2191-field_11-container\" class=\"wpforms-field wpforms-field-text\" data-field-id=\"11\"><label class=\"wpforms-field-label\" for=\"wpforms-2191-field_11\">Telefon <span class=\"wpforms-required-label\" aria-hidden=\"true\">*<\/span><\/label><input type=\"text\" id=\"wpforms-2191-field_11\" class=\"wpforms-field-medium wpforms-field-required\" name=\"wpforms[fields][11]\" aria-errormessage=\"wpforms-2191-field_11-error\" required><\/div><div id=\"wpforms-2191-field_13-container\" class=\"wpforms-field wpforms-field-email\" data-field-id=\"13\"><label class=\"wpforms-field-label\" for=\"wpforms-2191-field_13\">E-Mail <span class=\"wpforms-required-label\" aria-hidden=\"true\">*<\/span><\/label><input type=\"email\" id=\"wpforms-2191-field_13\" class=\"wpforms-field-medium wpforms-field-required\" name=\"wpforms[fields][13]\" spellcheck=\"false\" aria-errormessage=\"wpforms-2191-field_13-error\" required><\/div><div id=\"wpforms-2191-field_14-container\" class=\"wpforms-field wpforms-field-checkbox\" data-field-id=\"14\"><fieldset><legend class=\"wpforms-field-label\"> <span class=\"wpforms-required-label\" aria-hidden=\"true\">*<\/span><\/legend><ul id=\"wpforms-2191-field_14\" class=\"wpforms-field-required\"><li class=\"choice-1 depth-1\"><input type=\"checkbox\" id=\"wpforms-2191-field_14_1\" name=\"wpforms[fields][14][]\" value=\"Ich w\u00fcnsche ein pers\u00f6nliches Gespr\u00e4ch\" aria-errormessage=\"wpforms-2191-field_14_1-error\" required ><label class=\"wpforms-field-label-inline\" for=\"wpforms-2191-field_14_1\">Ich w\u00fcnsche ein pers\u00f6nliches Gespr\u00e4ch<\/label><\/li><li class=\"choice-4 depth-1\"><input type=\"checkbox\" id=\"wpforms-2191-field_14_4\" name=\"wpforms[fields][14][]\" value=\"Einmalige Abbuchung\" aria-errormessage=\"wpforms-2191-field_14_4-error\" required ><label class=\"wpforms-field-label-inline\" for=\"wpforms-2191-field_14_4\">Einmalige Abbuchung<\/label><\/li><li class=\"choice-5 depth-1\"><input type=\"checkbox\" id=\"wpforms-2191-field_14_5\" name=\"wpforms[fields][14][]\" value=\"Zweijahresvertrag (Abbuchung zum 01.04.26)\" aria-errormessage=\"wpforms-2191-field_14_5-error\" required ><label class=\"wpforms-field-label-inline\" for=\"wpforms-2191-field_14_5\">Zweijahresvertrag (Abbuchung zum 01.04.26)<\/label><\/li><\/ul><\/fieldset><\/div><div id=\"wpforms-2191-field_16-container\" class=\"wpforms-field wpforms-field-text\" data-field-id=\"16\"><label class=\"wpforms-field-label\" for=\"wpforms-2191-field_16\">Kontoinhaber <span class=\"wpforms-required-label\" aria-hidden=\"true\">*<\/span><\/label><input type=\"text\" id=\"wpforms-2191-field_16\" class=\"wpforms-field-medium wpforms-field-required\" name=\"wpforms[fields][16]\" aria-errormessage=\"wpforms-2191-field_16-error\" required><\/div><div id=\"wpforms-2191-field_17-container\" class=\"wpforms-field wpforms-field-text\" data-field-id=\"17\"><label class=\"wpforms-field-label\" for=\"wpforms-2191-field_17\">IBAN <span class=\"wpforms-required-label\" aria-hidden=\"true\">*<\/span><\/label><input type=\"text\" id=\"wpforms-2191-field_17\" class=\"wpforms-field-medium wpforms-field-required\" name=\"wpforms[fields][17]\" aria-errormessage=\"wpforms-2191-field_17-error\" required><\/div><div id=\"wpforms-2191-field_18-container\" class=\"wpforms-field wpforms-field-text\" data-field-id=\"18\"><label class=\"wpforms-field-label\" for=\"wpforms-2191-field_18\">BIC <span class=\"wpforms-required-label\" aria-hidden=\"true\">*<\/span><\/label><input type=\"text\" id=\"wpforms-2191-field_18\" class=\"wpforms-field-medium wpforms-field-required\" name=\"wpforms[fields][18]\" aria-errormessage=\"wpforms-2191-field_18-error\" required><\/div><div id=\"wpforms-2191-field_20-container\" class=\"wpforms-field wpforms-field-checkbox\" data-field-id=\"20\"><fieldset><legend class=\"wpforms-field-label\">Einverst\u00e4ndniserkl\u00e4rung Sepa-Lastschriftmandat <span class=\"wpforms-required-label\" aria-hidden=\"true\">*<\/span><\/legend><ul id=\"wpforms-2191-field_20\" class=\"wpforms-field-required\"><li class=\"choice-1 depth-1\"><input type=\"checkbox\" id=\"wpforms-2191-field_20_1\" name=\"wpforms[fields][20][]\" value=\"Hiermit erkl\u00e4re ich mich mit dem Bankeinzug einverstanden.\" aria-errormessage=\"wpforms-2191-field_20_1-error\" required ><label class=\"wpforms-field-label-inline\" for=\"wpforms-2191-field_20_1\">Hiermit erkl\u00e4re ich mich mit dem Bankeinzug einverstanden.<\/label><\/li><\/ul><\/fieldset><\/div><\/div><!-- .wpforms-field-container --><div class=\"wpforms-submit-container\" ><input type=\"hidden\" name=\"wpforms[id]\" value=\"2191\"><input type=\"hidden\" name=\"page_title\" value=\"\"><input type=\"hidden\" name=\"page_url\" value=\"https:\/\/koejonge.de\/index.php?rest_route=\/wp\/v2\/pages\/2157\"><input type=\"hidden\" name=\"url_referer\" value=\"\"><button type=\"submit\" name=\"wpforms[submit]\" id=\"wpforms-submit-2191\" class=\"wpforms-submit\" data-alt-text=\"Senden\u2026\" data-submit-text=\"Absenden\" aria-live=\"assertive\" value=\"wpforms-submit\">Absenden<\/button><img decoding=\"async\" loading=\"lazy\" src=\"https:\/\/koejonge.de\/wp-content\/plugins\/wpforms-lite\/assets\/images\/submit-spin.svg\" class=\"wpforms-submit-spinner\" style=\"display: none;\" width=\"26\" height=\"26\" alt=\"Wird geladen\"><\/div><\/form><\/div>  <!-- .wpforms-container -->\n\n\n<h2 class=\"wp-block-heading has-text-align-center\">F\u00fcr Ihre Unterst\u00fctzung bedanken wir uns recht Herzlich!<\/h2>\n\n\n\n<div class=\"wp-block-file\"><a id=\"wp-block-file--media-44f49e59-ce8d-4723-9922-4b6006a36886\" href=\"https:\/\/koejonge.de\/wp-content\/uploads\/2024\/06\/Formular.pdf\">Hier Formular Herunterladen<\/a><\/div>\n\n\n\n<div class=\"wp-block-file\"><a id=\"wp-block-file--media-c269ad7c-28f0-4d73-a852-02274fd74e52\" href=\"https:\/\/koejonge.de\/wp-content\/uploads\/2024\/06\/Sponsorenkampagne-Digital.pdf\">Hier Sponsorenmappe Herunterladen<\/a><\/div>\n","protected":false},"excerpt":{"rendered":"<p>Im Ortsteil Richterich h\u00e4lt man zusammen. Vereine tauschen sich untereinander aus und man hilft und&#8230;<\/p>\n","protected":false},"author":6,"featured_media":0,"parent":0,"menu_order":0,"comment_status":"closed","ping_status":"closed","template":"","meta":[],"_links":{"self":[{"href":"https:\/\/koejonge.de\/index.php?rest_route=\/wp\/v2\/pages\/2157"}],"collection":[{"href":"https:\/\/koejonge.de\/index.php?rest_route=\/wp\/v2\/pages"}],"about":[{"href":"https:\/\/koejonge.de\/index.php?rest_route=\/wp\/v2\/types\/page"}],"author":[{"embeddable":true,"href":"https:\/\/koejonge.de\/index.php?rest_route=\/wp\/v2\/users\/6"}],"replies":[{"embeddable":true,"href":"https:\/\/koejonge.de\/index.php?rest_route=%2Fwp%2Fv2%2Fcomments&post=2157"}],"version-history":[{"count":16,"href":"https:\/\/koejonge.de\/index.php?rest_route=\/wp\/v2\/pages\/2157\/revisions"}],"predecessor-version":[{"id":2246,"href":"https:\/\/koejonge.de\/index.php?rest_route=\/wp\/v2\/pages\/2157\/revisions\/2246"}],"wp:attachment":[{"href":"https:\/\/koejonge.de\/index.php?rest_route=%2Fwp%2Fv2%2Fmedia&parent=2157"}],"curies":[{"name":"wp","href":"https:\/\/api.w.org\/{rel}","templated":true}]}}