{"id":1612,"date":"2023-08-03T17:38:17","date_gmt":"2023-08-03T17:38:17","guid":{"rendered":"https:\/\/koejonge.de\/?post_type=product&#038;p=1612"},"modified":"2024-11-16T15:08:53","modified_gmt":"2024-11-16T15:08:53","slug":"et-marke-pittermaennchen-direkt-am-tisch-10l-vorbestellen","status":"publish","type":"product","link":"https:\/\/koejonge.de\/?product=et-marke-pittermaennchen-direkt-am-tisch-10l-vorbestellen","title":{"rendered":"&#8222;Et Pitterm\u00e4nnchen&#8220; K\u00f6lsch direkt am Tisch (10L.) *Vorbestellen*"},"content":{"rendered":"","protected":false},"excerpt":{"rendered":"<p>Bestellt hier euer 15L Fr\u00fch-K\u00f6lsch F\u00e4sschen vor, anschlie\u00dfend erhaltet Ihr von uns eine Bestellbest\u00e4tigung, mit dieser k\u00f6nnt Ihr dann ganz einfach nach dem Einlass an der Theke euer Pitterm\u00e4chen abholen.<\/p>\n","protected":false},"featured_media":2275,"template":"","meta":[],"product_cat":[25],"product_tag":[],"_links":{"self":[{"href":"https:\/\/koejonge.de\/index.php?rest_route=\/wp\/v2\/product\/1612"}],"collection":[{"href":"https:\/\/koejonge.de\/index.php?rest_route=\/wp\/v2\/product"}],"about":[{"href":"https:\/\/koejonge.de\/index.php?rest_route=\/wp\/v2\/types\/product"}],"wp:featuredmedia":[{"embeddable":true,"href":"https:\/\/koejonge.de\/index.php?rest_route=\/wp\/v2\/media\/2275"}],"wp:attachment":[{"href":"https:\/\/koejonge.de\/index.php?rest_route=%2Fwp%2Fv2%2Fmedia&parent=1612"}],"wp:term":[{"taxonomy":"product_cat","embeddable":true,"href":"https:\/\/koejonge.de\/index.php?rest_route=%2Fwp%2Fv2%2Fproduct_cat&post=1612"},{"taxonomy":"product_tag","embeddable":true,"href":"https:\/\/koejonge.de\/index.php?rest_route=%2Fwp%2Fv2%2Fproduct_tag&post=1612"}],"curies":[{"name":"wp","href":"https:\/\/api.w.org\/{rel}","templated":true}]}}