{"id":1615,"date":"2023-08-04T15:42:29","date_gmt":"2023-08-04T15:42:29","guid":{"rendered":"https:\/\/koejonge.de\/?post_type=product&#038;p=1615"},"modified":"2024-11-16T15:08:38","modified_gmt":"2024-11-16T15:08:38","slug":"bitburger-pils-direkt-am-tisch-15l-vorbestellen","status":"publish","type":"product","link":"https:\/\/koejonge.de\/?product=bitburger-pils-direkt-am-tisch-15l-vorbestellen","title":{"rendered":"BITburger Pils direkt am Tisch (15L.) *Vorbestellen*"},"content":{"rendered":"","protected":false},"excerpt":{"rendered":"<p>Bestellt hier euer 15L Bitburger F\u00e4sschen vor, anschlie\u00dfend erhaltet Ihr von uns eine Bestellbest\u00e4tigung, mit dieser k\u00f6nnt Ihr dann ganz einfach nach dem Einlass an der Theke euer Pitterm\u00e4chen abholen.<\/p>\n","protected":false},"featured_media":2274,"template":"","meta":[],"product_cat":[25],"product_tag":[],"_links":{"self":[{"href":"https:\/\/koejonge.de\/index.php?rest_route=\/wp\/v2\/product\/1615"}],"collection":[{"href":"https:\/\/koejonge.de\/index.php?rest_route=\/wp\/v2\/product"}],"about":[{"href":"https:\/\/koejonge.de\/index.php?rest_route=\/wp\/v2\/types\/product"}],"wp:featuredmedia":[{"embeddable":true,"href":"https:\/\/koejonge.de\/index.php?rest_route=\/wp\/v2\/media\/2274"}],"wp:attachment":[{"href":"https:\/\/koejonge.de\/index.php?rest_route=%2Fwp%2Fv2%2Fmedia&parent=1615"}],"wp:term":[{"taxonomy":"product_cat","embeddable":true,"href":"https:\/\/koejonge.de\/index.php?rest_route=%2Fwp%2Fv2%2Fproduct_cat&post=1615"},{"taxonomy":"product_tag","embeddable":true,"href":"https:\/\/koejonge.de\/index.php?rest_route=%2Fwp%2Fv2%2Fproduct_tag&post=1615"}],"curies":[{"name":"wp","href":"https:\/\/api.w.org\/{rel}","templated":true}]}}